{"id":1043,"date":"2024-08-21T12:24:37","date_gmt":"2024-08-21T10:24:37","guid":{"rendered":"https:\/\/beyondthesky.fr\/home-french\/"},"modified":"2025-01-29T08:40:02","modified_gmt":"2025-01-29T07:40:02","slug":"homepage","status":"publish","type":"page","link":"https:\/\/beyondthesky.fr\/fr\/","title":{"rendered":"Accueil"},"content":{"rendered":"<div id=\"cs-content\" class=\"cs-content\"><\/div>\n","protected":false},"excerpt":{"rendered":"<p>Beyond the Sky est bien plus qu&rsquo;un service de conciergerie, c&rsquo;est l&rsquo;acc\u00e8s \u00e0 un monde o\u00f9 vos r\u00eaves prennent vie. Imaginez un voyage somptueux aux \u00eeles Turks et Ca\u00efcos, un archipel paradisiaque des Cara\u00efbes, une r\u00e9servation au prestigieux restaurant Jules Verne \u00e0 la Tour Eiffel, ou encore une soir\u00e9e inoubliable dans une loge priv\u00e9e lors d&rsquo;un concert de Taylor Swift. &#8230; <\/p>\n<div><a href=\"https:\/\/beyondthesky.fr\/fr\/\" class=\"more-link\">Read More<\/a><\/div>\n","protected":false},"author":1,"featured_media":0,"parent":0,"menu_order":0,"comment_status":"closed","ping_status":"closed","template":"template-blank-4.php","meta":{"_acf_changed":false,"footnotes":""},"class_list":["post-1043","page","type-page","status-publish","hentry","no-post-thumbnail"],"acf":[],"_links":{"self":[{"href":"https:\/\/beyondthesky.fr\/fr\/wp-json\/wp\/v2\/pages\/1043","targetHints":{"allow":["GET"]}}],"collection":[{"href":"https:\/\/beyondthesky.fr\/fr\/wp-json\/wp\/v2\/pages"}],"about":[{"href":"https:\/\/beyondthesky.fr\/fr\/wp-json\/wp\/v2\/types\/page"}],"author":[{"embeddable":true,"href":"https:\/\/beyondthesky.fr\/fr\/wp-json\/wp\/v2\/users\/1"}],"replies":[{"embeddable":true,"href":"https:\/\/beyondthesky.fr\/fr\/wp-json\/wp\/v2\/comments?post=1043"}],"version-history":[{"count":39,"href":"https:\/\/beyondthesky.fr\/fr\/wp-json\/wp\/v2\/pages\/1043\/revisions"}],"predecessor-version":[{"id":1785,"href":"https:\/\/beyondthesky.fr\/fr\/wp-json\/wp\/v2\/pages\/1043\/revisions\/1785"}],"wp:attachment":[{"href":"https:\/\/beyondthesky.fr\/fr\/wp-json\/wp\/v2\/media?parent=1043"}],"curies":[{"name":"wp","href":"https:\/\/api.w.org\/{rel}","templated":true}]}}