{"id":975,"date":"2024-08-28T12:05:47","date_gmt":"2024-08-28T10:05:47","guid":{"rendered":"https:\/\/beyondthesky.fr\/bts-gestion-du-personnel\/"},"modified":"2024-12-01T22:50:22","modified_gmt":"2024-12-01T21:50:22","slug":"bts-gestion-du-personnel","status":"publish","type":"page","link":"https:\/\/beyondthesky.fr\/fr\/services\/bts-gestion-du-personnel\/","title":{"rendered":"BTS Gestion du personnel"},"content":{"rendered":"<div id=\"cs-content\" class=\"cs-content\"><\/div>\n","protected":false},"excerpt":{"rendered":"<p>BTS Staff ManagementD\u00e9couvrez BTS Staff Management par Beyond The Sky &#8211; L&rsquo;Excellence au Service de Votre \u00c9quipe. Pour nos clients ayant d\u00e9j\u00e0 une \u00e9quipe d\u00e9vou\u00e9e, Beyond The Sky propose BTS Staff Management, une solution d&rsquo;exception. Nous enrichissons votre personnel avec une expertise haut de gamme, optimisant l&rsquo;efficacit\u00e9 op\u00e9rationnelle et garantissant une exp\u00e9rience client exceptionnelle. En tant que membre privil\u00e9gi\u00e9, vous &#8230; <\/p>\n<div><a href=\"https:\/\/beyondthesky.fr\/fr\/services\/bts-gestion-du-personnel\/\" class=\"more-link\">Read More<\/a><\/div>\n","protected":false},"author":1,"featured_media":0,"parent":1001,"menu_order":0,"comment_status":"closed","ping_status":"closed","template":"template-blank-4.php","meta":{"_acf_changed":false,"footnotes":""},"class_list":["post-975","page","type-page","status-publish","hentry","no-post-thumbnail"],"acf":[],"_links":{"self":[{"href":"https:\/\/beyondthesky.fr\/fr\/wp-json\/wp\/v2\/pages\/975","targetHints":{"allow":["GET"]}}],"collection":[{"href":"https:\/\/beyondthesky.fr\/fr\/wp-json\/wp\/v2\/pages"}],"about":[{"href":"https:\/\/beyondthesky.fr\/fr\/wp-json\/wp\/v2\/types\/page"}],"author":[{"embeddable":true,"href":"https:\/\/beyondthesky.fr\/fr\/wp-json\/wp\/v2\/users\/1"}],"replies":[{"embeddable":true,"href":"https:\/\/beyondthesky.fr\/fr\/wp-json\/wp\/v2\/comments?post=975"}],"version-history":[{"count":9,"href":"https:\/\/beyondthesky.fr\/fr\/wp-json\/wp\/v2\/pages\/975\/revisions"}],"predecessor-version":[{"id":1151,"href":"https:\/\/beyondthesky.fr\/fr\/wp-json\/wp\/v2\/pages\/975\/revisions\/1151"}],"up":[{"embeddable":true,"href":"https:\/\/beyondthesky.fr\/fr\/wp-json\/wp\/v2\/pages\/1001"}],"wp:attachment":[{"href":"https:\/\/beyondthesky.fr\/fr\/wp-json\/wp\/v2\/media?parent=975"}],"curies":[{"name":"wp","href":"https:\/\/api.w.org\/{rel}","templated":true}]}}