{"id":979,"date":"2024-08-28T12:05:13","date_gmt":"2024-08-28T10:05:13","guid":{"rendered":"https:\/\/beyondthesky.fr\/bts-signature\/"},"modified":"2024-12-01T22:51:40","modified_gmt":"2024-12-01T21:51:40","slug":"bts-signature","status":"publish","type":"page","link":"https:\/\/beyondthesky.fr\/fr\/services\/bts-signature\/","title":{"rendered":"BTS Signature"},"content":{"rendered":"<div id=\"cs-content\" class=\"cs-content\"><\/div>\n","protected":false},"excerpt":{"rendered":"<p>BTS SignatureBienvenue dans l&rsquo;univers de BTS Signature, o\u00f9 l&rsquo;exclusivit\u00e9 prend vie gr\u00e2ce \u00e0 nos \u00e9quipes et partenaires d&rsquo;exception. Nous cr\u00e9ons des exp\u00e9riences sur mesure incarnant le luxe. Avec BTS Creation, nous organisons des \u00e9v\u00e9nements exceptionnels, comme des soir\u00e9es th\u00e9matiques inspir\u00e9es de personnalit\u00e9s ou d&rsquo;\u00e9v\u00e9nements historiques. Plongez dans le luxe avec BTS Box Experience, offrant des s\u00e9jours cl\u00e9s en main. Que &#8230; <\/p>\n<div><a href=\"https:\/\/beyondthesky.fr\/fr\/services\/bts-signature\/\" class=\"more-link\">Read More<\/a><\/div>\n","protected":false},"author":1,"featured_media":0,"parent":1001,"menu_order":0,"comment_status":"closed","ping_status":"closed","template":"template-blank-4.php","meta":{"_acf_changed":false,"footnotes":""},"class_list":["post-979","page","type-page","status-publish","hentry","no-post-thumbnail"],"acf":[],"_links":{"self":[{"href":"https:\/\/beyondthesky.fr\/fr\/wp-json\/wp\/v2\/pages\/979","targetHints":{"allow":["GET"]}}],"collection":[{"href":"https:\/\/beyondthesky.fr\/fr\/wp-json\/wp\/v2\/pages"}],"about":[{"href":"https:\/\/beyondthesky.fr\/fr\/wp-json\/wp\/v2\/types\/page"}],"author":[{"embeddable":true,"href":"https:\/\/beyondthesky.fr\/fr\/wp-json\/wp\/v2\/users\/1"}],"replies":[{"embeddable":true,"href":"https:\/\/beyondthesky.fr\/fr\/wp-json\/wp\/v2\/comments?post=979"}],"version-history":[{"count":7,"href":"https:\/\/beyondthesky.fr\/fr\/wp-json\/wp\/v2\/pages\/979\/revisions"}],"predecessor-version":[{"id":1155,"href":"https:\/\/beyondthesky.fr\/fr\/wp-json\/wp\/v2\/pages\/979\/revisions\/1155"}],"up":[{"embeddable":true,"href":"https:\/\/beyondthesky.fr\/fr\/wp-json\/wp\/v2\/pages\/1001"}],"wp:attachment":[{"href":"https:\/\/beyondthesky.fr\/fr\/wp-json\/wp\/v2\/media?parent=979"}],"curies":[{"name":"wp","href":"https:\/\/api.w.org\/{rel}","templated":true}]}}