{"id":983,"date":"2024-08-26T11:23:26","date_gmt":"2024-08-26T09:23:26","guid":{"rendered":"https:\/\/beyondthesky.fr\/bts-individuel-et-familial\/"},"modified":"2024-12-01T22:38:29","modified_gmt":"2024-12-01T21:38:29","slug":"bts-individuel-et-familial","status":"publish","type":"page","link":"https:\/\/beyondthesky.fr\/fr\/services\/bts-individuel-et-familial\/","title":{"rendered":"BTS individuel et familial"},"content":{"rendered":"<div id=\"cs-content\" class=\"cs-content\"><\/div>\n","protected":false},"excerpt":{"rendered":"<p>BTS individuel et familialAvec BTS Culture, plongez dans un monde d&rsquo;art et de patrimoine inestimables, comme une visite au Mus\u00e9e du Louvre. BTS Restaurant vous ouvre les portes des \u00e9tablissements les plus pris\u00e9s, comme Le Cinq, o\u00f9 la gastronomie est un v\u00e9ritable art de vivre. BTS Event vous garantit un acc\u00e8s privil\u00e9gi\u00e9 aux \u00e9v\u00e9nements les plus recherch\u00e9s, du Carnaval de &#8230; <\/p>\n<div><a href=\"https:\/\/beyondthesky.fr\/fr\/services\/bts-individuel-et-familial\/\" class=\"more-link\">Read More<\/a><\/div>\n","protected":false},"author":1,"featured_media":0,"parent":1001,"menu_order":0,"comment_status":"closed","ping_status":"closed","template":"template-blank-4.php","meta":{"_acf_changed":false,"footnotes":""},"class_list":["post-983","page","type-page","status-publish","hentry","no-post-thumbnail"],"acf":[],"_links":{"self":[{"href":"https:\/\/beyondthesky.fr\/fr\/wp-json\/wp\/v2\/pages\/983","targetHints":{"allow":["GET"]}}],"collection":[{"href":"https:\/\/beyondthesky.fr\/fr\/wp-json\/wp\/v2\/pages"}],"about":[{"href":"https:\/\/beyondthesky.fr\/fr\/wp-json\/wp\/v2\/types\/page"}],"author":[{"embeddable":true,"href":"https:\/\/beyondthesky.fr\/fr\/wp-json\/wp\/v2\/users\/1"}],"replies":[{"embeddable":true,"href":"https:\/\/beyondthesky.fr\/fr\/wp-json\/wp\/v2\/comments?post=983"}],"version-history":[{"count":9,"href":"https:\/\/beyondthesky.fr\/fr\/wp-json\/wp\/v2\/pages\/983\/revisions"}],"predecessor-version":[{"id":1141,"href":"https:\/\/beyondthesky.fr\/fr\/wp-json\/wp\/v2\/pages\/983\/revisions\/1141"}],"up":[{"embeddable":true,"href":"https:\/\/beyondthesky.fr\/fr\/wp-json\/wp\/v2\/pages\/1001"}],"wp:attachment":[{"href":"https:\/\/beyondthesky.fr\/fr\/wp-json\/wp\/v2\/media?parent=983"}],"curies":[{"name":"wp","href":"https:\/\/api.w.org\/{rel}","templated":true}]}}