{"id":984,"date":"2024-08-28T12:06:27","date_gmt":"2024-08-28T10:06:27","guid":{"rendered":"https:\/\/beyondthesky.fr\/bts-securite-protection\/"},"modified":"2024-12-01T22:57:13","modified_gmt":"2024-12-01T21:57:13","slug":"bts-securite-protection","status":"publish","type":"page","link":"https:\/\/beyondthesky.fr\/fr\/services\/bts-securite-protection\/","title":{"rendered":"BTS S\u00e9curit\u00e9 Protection"},"content":{"rendered":"<div id=\"cs-content\" class=\"cs-content\"><\/div>\n","protected":false},"excerpt":{"rendered":"<p>BTS Security ProtectionBeyond The Sky vous pr\u00e9sente son offre BTS Security Protection. Dans un monde en constante \u00e9volution, la s\u00e9curit\u00e9 en zone hostile est cruciale. Nous assurons la protection de vos missions dans des environnements dangereux, face aux menaces physiques, troubles politiques ou conflits arm\u00e9s. Nous r\u00e9alisons une analyse minutieuse des risques pour d\u00e9velopper des strat\u00e9gies sur mesure, des plans &#8230; <\/p>\n<div><a href=\"https:\/\/beyondthesky.fr\/fr\/services\/bts-securite-protection\/\" class=\"more-link\">Read More<\/a><\/div>\n","protected":false},"author":1,"featured_media":0,"parent":1001,"menu_order":0,"comment_status":"closed","ping_status":"closed","template":"template-blank-4.php","meta":{"_acf_changed":false,"footnotes":""},"class_list":["post-984","page","type-page","status-publish","hentry","no-post-thumbnail"],"acf":[],"_links":{"self":[{"href":"https:\/\/beyondthesky.fr\/fr\/wp-json\/wp\/v2\/pages\/984","targetHints":{"allow":["GET"]}}],"collection":[{"href":"https:\/\/beyondthesky.fr\/fr\/wp-json\/wp\/v2\/pages"}],"about":[{"href":"https:\/\/beyondthesky.fr\/fr\/wp-json\/wp\/v2\/types\/page"}],"author":[{"embeddable":true,"href":"https:\/\/beyondthesky.fr\/fr\/wp-json\/wp\/v2\/users\/1"}],"replies":[{"embeddable":true,"href":"https:\/\/beyondthesky.fr\/fr\/wp-json\/wp\/v2\/comments?post=984"}],"version-history":[{"count":5,"href":"https:\/\/beyondthesky.fr\/fr\/wp-json\/wp\/v2\/pages\/984\/revisions"}],"predecessor-version":[{"id":1163,"href":"https:\/\/beyondthesky.fr\/fr\/wp-json\/wp\/v2\/pages\/984\/revisions\/1163"}],"up":[{"embeddable":true,"href":"https:\/\/beyondthesky.fr\/fr\/wp-json\/wp\/v2\/pages\/1001"}],"wp:attachment":[{"href":"https:\/\/beyondthesky.fr\/fr\/wp-json\/wp\/v2\/media?parent=984"}],"curies":[{"name":"wp","href":"https:\/\/api.w.org\/{rel}","templated":true}]}}