{"id":988,"date":"2024-08-28T12:06:05","date_gmt":"2024-08-28T10:06:05","guid":{"rendered":"https:\/\/beyondthesky.fr\/acces-exclusif-au-bts\/"},"modified":"2024-12-01T22:54:05","modified_gmt":"2024-12-01T21:54:05","slug":"acces-exclusif-au-bts","status":"publish","type":"page","link":"https:\/\/beyondthesky.fr\/fr\/services\/acces-exclusif-au-bts\/","title":{"rendered":"Acc\u00e8s exclusif au BTS"},"content":{"rendered":"<div id=\"cs-content\" class=\"cs-content\"><\/div>\n","protected":false},"excerpt":{"rendered":"<p>BTS Exclusive AccessPlongez dans l&rsquo;exceptionnel avec BTS Exclusive Access, votre passeport pour les \u00e9v\u00e9nements les plus prestigieux. Assistez \u00e0 des manifestations comme la Formule 1, Art Basel, les Oscars ou le Festival de Cannes gr\u00e2ce \u00e0 des invitations personnalis\u00e9es. Notre conciergerie VIP vous ouvre \u00e9galement les portes d&rsquo;\u00e9v\u00e9nements sportifs exclusifs, tels que la NBA ou le Grand Prix de F1. &#8230; <\/p>\n<div><a href=\"https:\/\/beyondthesky.fr\/fr\/services\/acces-exclusif-au-bts\/\" class=\"more-link\">Read More<\/a><\/div>\n","protected":false},"author":1,"featured_media":0,"parent":1001,"menu_order":0,"comment_status":"closed","ping_status":"closed","template":"template-blank-4.php","meta":{"_acf_changed":false,"footnotes":""},"class_list":["post-988","page","type-page","status-publish","hentry","no-post-thumbnail"],"acf":[],"_links":{"self":[{"href":"https:\/\/beyondthesky.fr\/fr\/wp-json\/wp\/v2\/pages\/988","targetHints":{"allow":["GET"]}}],"collection":[{"href":"https:\/\/beyondthesky.fr\/fr\/wp-json\/wp\/v2\/pages"}],"about":[{"href":"https:\/\/beyondthesky.fr\/fr\/wp-json\/wp\/v2\/types\/page"}],"author":[{"embeddable":true,"href":"https:\/\/beyondthesky.fr\/fr\/wp-json\/wp\/v2\/users\/1"}],"replies":[{"embeddable":true,"href":"https:\/\/beyondthesky.fr\/fr\/wp-json\/wp\/v2\/comments?post=988"}],"version-history":[{"count":5,"href":"https:\/\/beyondthesky.fr\/fr\/wp-json\/wp\/v2\/pages\/988\/revisions"}],"predecessor-version":[{"id":1159,"href":"https:\/\/beyondthesky.fr\/fr\/wp-json\/wp\/v2\/pages\/988\/revisions\/1159"}],"up":[{"embeddable":true,"href":"https:\/\/beyondthesky.fr\/fr\/wp-json\/wp\/v2\/pages\/1001"}],"wp:attachment":[{"href":"https:\/\/beyondthesky.fr\/fr\/wp-json\/wp\/v2\/media?parent=988"}],"curies":[{"name":"wp","href":"https:\/\/api.w.org\/{rel}","templated":true}]}}