{"id":994,"date":"2024-08-21T12:26:01","date_gmt":"2024-08-21T10:26:01","guid":{"rendered":"https:\/\/beyondthesky.fr\/a-propos-de-nous\/"},"modified":"2024-11-26T20:50:27","modified_gmt":"2024-11-26T19:50:27","slug":"a-propos-de-nous","status":"publish","type":"page","link":"https:\/\/beyondthesky.fr\/fr\/a-propos-de-nous\/","title":{"rendered":"A propos de nous"},"content":{"rendered":"<div id=\"cs-content\" class=\"cs-content\"><\/div>\n","protected":false},"excerpt":{"rendered":"<p>A propos de nousFabrice Fr\u00e9docFondateur et directeur g\u00e9n\u00e9ralFabrice Fr\u00e9doc, fondateur et directeur g\u00e9n\u00e9ral de Beyond The Sky, poss\u00e8de plus de 18 ans d&rsquo;exp\u00e9rience professionnelle, acquise gr\u00e2ce \u00e0 un parcours acad\u00e9mique et professionnel exceptionnel. Originaire de Suisse, Fabrice a commenc\u00e9 son odyss\u00e9e acad\u00e9mique \u00e0 la Geneva School of Business. Il s&rsquo;est ensuite sp\u00e9cialis\u00e9 dans la gestion globale des risques d&rsquo;entreprise, obtenant &#8230; <\/p>\n<div><a href=\"https:\/\/beyondthesky.fr\/fr\/a-propos-de-nous\/\" class=\"more-link\">Read More<\/a><\/div>\n","protected":false},"author":1,"featured_media":0,"parent":0,"menu_order":0,"comment_status":"closed","ping_status":"closed","template":"template-blank-4.php","meta":{"_acf_changed":false,"footnotes":""},"class_list":["post-994","page","type-page","status-publish","hentry","no-post-thumbnail"],"acf":[],"_links":{"self":[{"href":"https:\/\/beyondthesky.fr\/fr\/wp-json\/wp\/v2\/pages\/994","targetHints":{"allow":["GET"]}}],"collection":[{"href":"https:\/\/beyondthesky.fr\/fr\/wp-json\/wp\/v2\/pages"}],"about":[{"href":"https:\/\/beyondthesky.fr\/fr\/wp-json\/wp\/v2\/types\/page"}],"author":[{"embeddable":true,"href":"https:\/\/beyondthesky.fr\/fr\/wp-json\/wp\/v2\/users\/1"}],"replies":[{"embeddable":true,"href":"https:\/\/beyondthesky.fr\/fr\/wp-json\/wp\/v2\/comments?post=994"}],"version-history":[{"count":1,"href":"https:\/\/beyondthesky.fr\/fr\/wp-json\/wp\/v2\/pages\/994\/revisions"}],"predecessor-version":[{"id":996,"href":"https:\/\/beyondthesky.fr\/fr\/wp-json\/wp\/v2\/pages\/994\/revisions\/996"}],"wp:attachment":[{"href":"https:\/\/beyondthesky.fr\/fr\/wp-json\/wp\/v2\/media?parent=994"}],"curies":[{"name":"wp","href":"https:\/\/api.w.org\/{rel}","templated":true}]}}