{"id":997,"date":"2024-08-21T12:25:45","date_gmt":"2024-08-21T10:25:45","guid":{"rendered":"https:\/\/beyondthesky.fr\/actualites\/"},"modified":"2025-01-29T11:53:17","modified_gmt":"2025-01-29T10:53:17","slug":"actualites","status":"publish","type":"page","link":"https:\/\/beyondthesky.fr\/fr\/actualites\/","title":{"rendered":"Actualit\u00e9s"},"content":{"rendered":"<div id=\"cs-content\" class=\"cs-content\"><\/div>\n","protected":false},"excerpt":{"rendered":"<p>Actualit\u00e9sAu c\u0153ur de l\u2019ONU : Beyond the Sky renforce sa pr\u00e9sence internationaleAu c\u0153ur de l\u2019ONU :Beyond the Sky renforce sa pr\u00e9sence internationale En mai dernier, Beyond the Sky a franchi une nouvelle \u00e9tape dans son expansion internationale en participant \u00e0 une s\u00e9rie de rencontres strat\u00e9giques \u00e0 New York, sous l\u2019\u00e9gide de Business France. Pendant trois jours intenses de r\u00e9unions et &#8230; <\/p>\n<div><a href=\"https:\/\/beyondthesky.fr\/fr\/actualites\/\" class=\"more-link\">Read More<\/a><\/div>\n","protected":false},"author":1,"featured_media":0,"parent":0,"menu_order":0,"comment_status":"closed","ping_status":"closed","template":"template-blank-4.php","meta":{"_acf_changed":false,"footnotes":""},"class_list":["post-997","page","type-page","status-publish","hentry","no-post-thumbnail"],"acf":[],"_links":{"self":[{"href":"https:\/\/beyondthesky.fr\/fr\/wp-json\/wp\/v2\/pages\/997","targetHints":{"allow":["GET"]}}],"collection":[{"href":"https:\/\/beyondthesky.fr\/fr\/wp-json\/wp\/v2\/pages"}],"about":[{"href":"https:\/\/beyondthesky.fr\/fr\/wp-json\/wp\/v2\/types\/page"}],"author":[{"embeddable":true,"href":"https:\/\/beyondthesky.fr\/fr\/wp-json\/wp\/v2\/users\/1"}],"replies":[{"embeddable":true,"href":"https:\/\/beyondthesky.fr\/fr\/wp-json\/wp\/v2\/comments?post=997"}],"version-history":[{"count":5,"href":"https:\/\/beyondthesky.fr\/fr\/wp-json\/wp\/v2\/pages\/997\/revisions"}],"predecessor-version":[{"id":1791,"href":"https:\/\/beyondthesky.fr\/fr\/wp-json\/wp\/v2\/pages\/997\/revisions\/1791"}],"wp:attachment":[{"href":"https:\/\/beyondthesky.fr\/fr\/wp-json\/wp\/v2\/media?parent=997"}],"curies":[{"name":"wp","href":"https:\/\/api.w.org\/{rel}","templated":true}]}}